{"id":716,"date":"2015-04-02T08:22:38","date_gmt":"2015-04-02T08:22:38","guid":{"rendered":"http:\/\/kemberg.c0ffee.com\/?page_id=716"},"modified":"2025-09-24T16:25:15","modified_gmt":"2025-09-24T16:25:15","slug":"pension","status":"publish","type":"page","link":"https:\/\/xn--schtzenhaus-kemberg-79b.de\/?page_id=716","title":{"rendered":"Pension"},"content":{"rendered":"<div class=\"pixcode  pixcode--grid  grid  \">\n\n<div class=\"grid__item six-twelfths palm-one-whole island\">\n\n<h3>Zimmer<\/h3>\n<p>Unser Haus bietet Ihnen 3 freundlich eingerichtete G\u00e4stezimmer, die sich in der ersten Etage des Sch\u00fctzenhauses befinden. Wir freuen uns auf Ihren Besuch &#8211; bei uns sind Sie willkommen! (Buchungen ab zwei N\u00e4chten)<\/p>\n<ul>\n<li style=\"padding-left: 30px;\">Das &#8222;<em>Rote<\/em>&#8220; Zimmer\u00a0 DZ\u00a0 &#8211; zwei N\u00e4chte 155 Euro<\/li>\n<li style=\"padding-left: 30px;\">Das &#8222;<em>Gelbe<\/em>&#8220; Zimmer DZ\u00a0 &#8211; zwei N\u00e4chte 155 Euro<\/li>\n<li style=\"padding-left: 30px;\">Das &#8222;<em>Blaue<\/em>&#8220; Zimmer\u00a0 DZ &#8211; zwei N\u00e4chte 130 Euro (Dusche\/WC im S\u00e9par\u00e9e)<\/li>\n<\/ul>\n\n<\/div>\n\n<div class=\"grid__item six-twelfths palm-one-whole \">\n\n<p><a href=\"http:\/\/xn--schtzenhaus-kemberg-79b.de\/wp-content\/uploads\/2015\/04\/9.jpg\"><img loading=\"lazy\" class=\"alignnone wp-image-805 size-large\" src=\"http:\/\/xn--schtzenhaus-kemberg-79b.de\/wp-content\/uploads\/2015\/04\/9-1024x710.jpg\" alt=\"\" width=\"1024\" height=\"710\" srcset=\"https:\/\/xn--schtzenhaus-kemberg-79b.de\/wp-content\/uploads\/2015\/04\/9-1024x710.jpg 1024w, https:\/\/xn--schtzenhaus-kemberg-79b.de\/wp-content\/uploads\/2015\/04\/9-300x208.jpg 300w, https:\/\/xn--schtzenhaus-kemberg-79b.de\/wp-content\/uploads\/2015\/04\/9.jpg 1200w, https:\/\/xn--schtzenhaus-kemberg-79b.de\/wp-content\/uploads\/2015\/04\/9-900x624.jpg 900w, https:\/\/xn--schtzenhaus-kemberg-79b.de\/wp-content\/uploads\/2015\/04\/9-400x277.jpg 400w\" sizes=\"(max-width: 1024px) 100vw, 1024px\" \/><\/a><\/p>\n\n<\/div>\n\n\n<\/div>\n\n<div class=\"pixcode  pixcode--separator  separator separator--line-flower\">\n<div class=\"line  line--left\"><\/div>\n<div class=\"line  line--right\"><\/div>\n<div class=\"star\">&#10043;<\/div>\n<div class=\"arrows\">\n<div class=\"arrow arrow--left\"><\/div>\n<div class=\"arrow arrow--right\"><\/div>\n<\/div>\n<\/div>\n\n<div class=\"pixcode  pixcode--grid  grid  \">\n\n<div class=\"grid__item six-twelfths palm-one-whole \">\n\n<p><a href=\"http:\/\/kemberg.c0ffee.com\/wp-content\/uploads\/2015\/04\/11.jpg\"><img loading=\"lazy\" class=\"alignnone wp-image-807 size-large\" src=\"http:\/\/xn--schtzenhaus-kemberg-79b.de\/wp-content\/uploads\/2015\/04\/11-1024x764.jpg\" alt=\"11\" width=\"1024\" height=\"764\" srcset=\"https:\/\/xn--schtzenhaus-kemberg-79b.de\/wp-content\/uploads\/2015\/04\/11-1024x764.jpg 1024w, https:\/\/xn--schtzenhaus-kemberg-79b.de\/wp-content\/uploads\/2015\/04\/11-300x224.jpg 300w, https:\/\/xn--schtzenhaus-kemberg-79b.de\/wp-content\/uploads\/2015\/04\/11.jpg 1200w, https:\/\/xn--schtzenhaus-kemberg-79b.de\/wp-content\/uploads\/2015\/04\/11-900x671.jpg 900w, https:\/\/xn--schtzenhaus-kemberg-79b.de\/wp-content\/uploads\/2015\/04\/11-400x298.jpg 400w\" sizes=\"(max-width: 1024px) 100vw, 1024px\" \/><\/a><\/p>\n\n<\/div>\n\n<div class=\"grid__item six-twelfths palm-one-whole island\">\n\n<h3>Ausstattung<\/h3>\n<ul>\n<li>Dusche\/WC<\/li>\n<li>SAT TV<\/li>\n<li>Nichtraucherzimmer<\/li>\n<li>Babywiege vorhanden<\/li>\n<li>Haustiere willkommen<\/li>\n<li>Fahrradgarage mit Aufladem\u00f6glichkeit f\u00fcr Ihr E-Bike<\/li>\n<\/ul>\n<p>Alle Preise verstehen sich exklusive Fr\u00fchst\u00fcck. Fr\u00fchst\u00fcck ist zubuchbar f\u00fcr 15,00 Euro pro Person. Hund pro Nacht 10 Euro.\u00a0 F\u00fcr l\u00e4ngere Aufenthalte unterbreiten wir Ihnen gern ein spezielles Angebot.<\/p>\n\n<\/div>\n\n\n<\/div>\n\n<div class=\"pixcode  pixcode--separator  separator separator--flower\">&#10043;<\/div>\n\n<div class=\"pixcode  pixcode--grid  grid  \">\n\n<div class=\"pixcode  pixcode--grid  grid  \">\n\n<\/div>\n\n<div class=\"grid__item six-twelfths palm-one-whole \">\n\n<h3 class=\"flush--top\">\u00d6ffungszeiten<\/h3>\n<p>Sonntag und Montag Ruhetage<br \/>\nDienstag ab 17.00 Uhr<br \/>\nMittwoch 17.00 Uhr<br \/>\nDonnerstag 12.00 Uhr<br \/>\nFreitag 12.00 Uhr<br \/>\nSamstag 12.00 Uhr<\/p>\n<p>An Feiertagen gesonderte \u00d6ffnungszeiten!<\/p>\n\n<\/div>\n\n<div class=\"grid__item six-twelfths palm-one-whole \">\n\n<h3 class=\"flush--top\">Reservierungen<\/h3>\n<p>Ruft uns an 034921.61 46 56<\/p>\n<p><a href=\"https:\/\/www.facebook.com\/Sch%C3%BCtzenhaus-Kemberg-1412363035713518\/\"><img loading=\"lazy\" class=\"alignnone wp-image-602 size-medium\" src=\"http:\/\/xn--schtzenhaus-kemberg-79b.de\/wp-content\/uploads\/2015\/10\/german_fb_findusonfacebook-144.png\" alt=\"Finde uns auf Facebook\" width=\"144\" height=\"49\" \/><\/a><\/p>\n\n<\/div>\n\n\n<\/div>\n\n","protected":false},"excerpt":{"rendered":"","protected":false},"author":1,"featured_media":602,"parent":0,"menu_order":0,"comment_status":"closed","ping_status":"closed","template":"","meta":[],"_links":{"self":[{"href":"https:\/\/xn--schtzenhaus-kemberg-79b.de\/index.php?rest_route=\/wp\/v2\/pages\/716"}],"collection":[{"href":"https:\/\/xn--schtzenhaus-kemberg-79b.de\/index.php?rest_route=\/wp\/v2\/pages"}],"about":[{"href":"https:\/\/xn--schtzenhaus-kemberg-79b.de\/index.php?rest_route=\/wp\/v2\/types\/page"}],"author":[{"embeddable":true,"href":"https:\/\/xn--schtzenhaus-kemberg-79b.de\/index.php?rest_route=\/wp\/v2\/users\/1"}],"replies":[{"embeddable":true,"href":"https:\/\/xn--schtzenhaus-kemberg-79b.de\/index.php?rest_route=%2Fwp%2Fv2%2Fcomments&post=716"}],"version-history":[{"count":41,"href":"https:\/\/xn--schtzenhaus-kemberg-79b.de\/index.php?rest_route=\/wp\/v2\/pages\/716\/revisions"}],"predecessor-version":[{"id":1522,"href":"https:\/\/xn--schtzenhaus-kemberg-79b.de\/index.php?rest_route=\/wp\/v2\/pages\/716\/revisions\/1522"}],"wp:featuredmedia":[{"embeddable":true,"href":"https:\/\/xn--schtzenhaus-kemberg-79b.de\/index.php?rest_route=\/wp\/v2\/media\/602"}],"wp:attachment":[{"href":"https:\/\/xn--schtzenhaus-kemberg-79b.de\/index.php?rest_route=%2Fwp%2Fv2%2Fmedia&parent=716"}],"curies":[{"name":"wp","href":"https:\/\/api.w.org\/{rel}","templated":true}]}}