{"id":5,"date":"2014-05-30T08:42:12","date_gmt":"2014-05-30T08:42:12","guid":{"rendered":"http:\/\/pixelgrade.com\/demos\/rosa2\/?page_id=5"},"modified":"2025-12-22T08:16:24","modified_gmt":"2025-12-22T08:16:24","slug":"frontpage","status":"publish","type":"page","link":"https:\/\/xn--schtzenhaus-kemberg-79b.de\/","title":{"rendered":"Home Page"},"content":{"rendered":"<div class=\"pixcode  pixcode--grid  grid  \">\n\n<div class=\"grid__item six-twelfths palm-one-whole island\">\n\n<hgroup class=\"pixcode  pixcode--heading article__headline\">\n\t<h2 class=\"headline__secondary\"><span class=\"first-letter\">E<\/span>ntdecke<\/h2>\n\t<h1 class=\"headline__primary\">Sch\u00fctzenhaus<\/h1>\n<\/hgroup>\n<div class=\"pixcode  pixcode--separator  separator separator--flower separator_color--color\">&#10043;<\/div>\n\n<p style=\"text-align: center;\">Wir hei\u00dfen Sie herzlich Willkommen im Sch\u00fctzenhaus Kemberg.<\/p>\n<p style=\"text-align: center;\">Das Sch\u00fctzenhaus, erbaut im Jahre 1752, blickt auf eine traditionsreiche Geschichte als Gastwirtschaft zur\u00fcck. Im M\u00e4rz 2014 \u00fcbernimmt unser kleines Team die F\u00fchrung des Hauses. Seitdem sind wir bem\u00fcht Althergebrachtes mit neuen kreativen Ideen zu vereinen. Statten Sie uns einen Besuch ab und schauen Sie hinter die Fassade &#8211; vielleicht k\u00f6nnen wir auch Sie \u00fcberraschen.<\/p>\n<p style=\"text-align: center;\"><strong>Neue Speisekarte ab sofort. Klassische Gerichte ab 16,00 \u20ac und kreative Spezialit\u00e4ten. Lassen Sie sich auf unserer Internetseite oder noch besser vor Ort \u00fcberraschen.\u00a0<\/strong><\/p>\n<p style=\"text-align: center;\"><strong>\u00a0 Wir haben es geschafft &#8211; Sieger im Wettbewerb &#8222;Regionalmen\u00fc 2022&#8220; f\u00fcr die Landkreise Wittenberg, Dessau, Anhalt-Zerbst. Ein weiterer Ansporn f\u00fcr das Team, in herausragender Form f\u00fcr Sie da zu sein.<br \/>\n<\/strong><\/p>\n<p><strong><em>\u00a0 \u00a0 \u00a0 Das Gasthaus ist ab 27.12.2025 bis auf weiteres geschlossen !<\/em><\/strong><\/p>\n<p style=\"text-align: center;\"><a  class=\"pixcode  pixcode--btn  btn  btn--text\" href=\"?page_id=37\" >\u00fcber uns<\/a>\n\n<\/div>\n\n<div class=\"grid__item six-twelfths palm-one-whole \">\n\n<p style=\"text-align: center;\"><a href=\"http:\/\/xn--schtzenhaus-kemberg-79b.de\/wp-content\/uploads\/2014\/05\/haus.jpg\"><img loading=\"lazy\" class=\"alignnone wp-image-602 size-medium\" src=\"http:\/\/xn--schtzenhaus-kemberg-79b.de\/wp-content\/uploads\/2014\/05\/haus-300x300.jpg\" alt=\"\" width=\"300\" height=\"300\" srcset=\"https:\/\/xn--schtzenhaus-kemberg-79b.de\/wp-content\/uploads\/2014\/05\/haus-300x300.jpg 300w, https:\/\/xn--schtzenhaus-kemberg-79b.de\/wp-content\/uploads\/2014\/05\/haus-150x150.jpg 150w, https:\/\/xn--schtzenhaus-kemberg-79b.de\/wp-content\/uploads\/2014\/05\/haus-900x900.jpg 900w, https:\/\/xn--schtzenhaus-kemberg-79b.de\/wp-content\/uploads\/2014\/05\/haus-400x400.jpg 400w, https:\/\/xn--schtzenhaus-kemberg-79b.de\/wp-content\/uploads\/2014\/05\/haus.jpg 960w\" sizes=\"(max-width: 300px) 100vw, 300px\" \/><\/a><\/p>\n\n<\/div>\n\n\n<\/div>\n\n","protected":false},"excerpt":{"rendered":"","protected":false},"author":1,"featured_media":543,"parent":0,"menu_order":0,"comment_status":"closed","ping_status":"closed","template":"","meta":[],"_links":{"self":[{"href":"https:\/\/xn--schtzenhaus-kemberg-79b.de\/index.php?rest_route=\/wp\/v2\/pages\/5"}],"collection":[{"href":"https:\/\/xn--schtzenhaus-kemberg-79b.de\/index.php?rest_route=\/wp\/v2\/pages"}],"about":[{"href":"https:\/\/xn--schtzenhaus-kemberg-79b.de\/index.php?rest_route=\/wp\/v2\/types\/page"}],"author":[{"embeddable":true,"href":"https:\/\/xn--schtzenhaus-kemberg-79b.de\/index.php?rest_route=\/wp\/v2\/users\/1"}],"replies":[{"embeddable":true,"href":"https:\/\/xn--schtzenhaus-kemberg-79b.de\/index.php?rest_route=%2Fwp%2Fv2%2Fcomments&post=5"}],"version-history":[{"count":54,"href":"https:\/\/xn--schtzenhaus-kemberg-79b.de\/index.php?rest_route=\/wp\/v2\/pages\/5\/revisions"}],"predecessor-version":[{"id":1532,"href":"https:\/\/xn--schtzenhaus-kemberg-79b.de\/index.php?rest_route=\/wp\/v2\/pages\/5\/revisions\/1532"}],"wp:featuredmedia":[{"embeddable":true,"href":"https:\/\/xn--schtzenhaus-kemberg-79b.de\/index.php?rest_route=\/wp\/v2\/media\/543"}],"wp:attachment":[{"href":"https:\/\/xn--schtzenhaus-kemberg-79b.de\/index.php?rest_route=%2Fwp%2Fv2%2Fmedia&parent=5"}],"curies":[{"name":"wp","href":"https:\/\/api.w.org\/{rel}","templated":true}]}}