{"id":37,"date":"2014-05-30T12:07:17","date_gmt":"2014-05-30T12:07:17","guid":{"rendered":"http:\/\/pixelgrade.com\/demos\/rosa2\/?page_id=37"},"modified":"2024-10-14T08:23:54","modified_gmt":"2024-10-14T08:23:54","slug":"reservations","status":"publish","type":"page","link":"https:\/\/xn--schtzenhaus-kemberg-79b.de\/?page_id=37","title":{"rendered":"\u00dcber uns"},"content":{"rendered":"<div class=\"pixcode  pixcode--grid  grid  \">\n\n<div class=\"grid__item six-twelfths palm-one-whole island\">\n\n<hgroup class=\"pixcode  pixcode--heading article__headline\">\n\t<h2 class=\"headline__secondary\"><span class=\"first-letter\">E<\/span>ntdecke<\/h2>\n\t<h1 class=\"headline__primary\">Sch\u00fctzenhaus<\/h1>\n<\/hgroup>\n<div class=\"pixcode  pixcode--separator  separator separator--flower separator_color--dark\">&#10043;<\/div>\n\n<p style=\"text-align: center;\">Das Herzst\u00fcck ist unsere gem\u00fctliche &#8222;Gaststube&#8220;. Sie bietet Platz f\u00fcr 40 G\u00e4ste (es waren auch schon weitaus mehr&#8230;). Inmitten von historischen Sch\u00fctzenscheiben l\u00e4sst man es sich in geselliger Runde gutgehen. Besonders in der kalten Jahreszeit spendet der Kachelofen eine wohlige W\u00e4rme.<\/p>\n\n<\/div>\n\n<div class=\"grid__item six-twelfths palm-one-whole \">\n\n<p><a href=\"http:\/\/xn--schtzenhaus-kemberg-79b.de\/wp-content\/uploads\/2014\/05\/tisch_gross.jpg\"><img loading=\"lazy\" class=\"alignnone wp-image-672\" src=\"http:\/\/xn--schtzenhaus-kemberg-79b.de\/wp-content\/uploads\/2014\/05\/tisch_gross-300x200.jpg\" alt=\"\" width=\"700\" height=\"467\" srcset=\"https:\/\/xn--schtzenhaus-kemberg-79b.de\/wp-content\/uploads\/2014\/05\/tisch_gross-300x200.jpg 300w, https:\/\/xn--schtzenhaus-kemberg-79b.de\/wp-content\/uploads\/2014\/05\/tisch_gross-400x267.jpg 400w, https:\/\/xn--schtzenhaus-kemberg-79b.de\/wp-content\/uploads\/2014\/05\/tisch_gross.jpg 625w\" sizes=\"(max-width: 700px) 100vw, 700px\" \/><\/a><\/p>\n\n<\/div>\n\n\n<\/div>\n\n<div class=\"pixcode  pixcode--separator  separator separator--line-flower\">\n<div class=\"line  line--left\"><\/div>\n<div class=\"line  line--right\"><\/div>\n<div class=\"star\">&#10043;<\/div>\n<div class=\"arrows\">\n<div class=\"arrow arrow--left\"><\/div>\n<div class=\"arrow arrow--right\"><\/div>\n<\/div>\n<\/div>\n\n<div class=\"pixcode  pixcode--grid  grid  \">\n\n<div class=\"grid__item six-twelfths palm-one-whole \">\n\n<p><a href=\"http:\/\/xn--schtzenhaus-kemberg-79b.de\/wp-content\/uploads\/2014\/05\/20.jpg\"><img loading=\"lazy\" class=\"alignnone wp-image-790\" src=\"http:\/\/xn--schtzenhaus-kemberg-79b.de\/wp-content\/uploads\/2014\/05\/20-216x300.jpg\" alt=\"\" width=\"288\" height=\"400\" srcset=\"https:\/\/xn--schtzenhaus-kemberg-79b.de\/wp-content\/uploads\/2014\/05\/20-216x300.jpg 216w, https:\/\/xn--schtzenhaus-kemberg-79b.de\/wp-content\/uploads\/2014\/05\/20-737x1024.jpg 737w, https:\/\/xn--schtzenhaus-kemberg-79b.de\/wp-content\/uploads\/2014\/05\/20-2048x2847.jpg 2048w, https:\/\/xn--schtzenhaus-kemberg-79b.de\/wp-content\/uploads\/2014\/05\/20-1200x1668.jpg 1200w, https:\/\/xn--schtzenhaus-kemberg-79b.de\/wp-content\/uploads\/2014\/05\/20-900x1251.jpg 900w, https:\/\/xn--schtzenhaus-kemberg-79b.de\/wp-content\/uploads\/2014\/05\/20-400x556.jpg 400w\" sizes=\"(max-width: 288px) 100vw, 288px\" \/><\/a>\n<\/div>\n\n<div class=\"grid__item six-twelfths palm-one-whole island\">\n\n<hgroup class=\"pixcode  pixcode--heading article__headline\">\n\t<h2 class=\"headline__secondary\"><\/h2>\n\t<h1 class=\"headline__primary\">Vereinszimmer<\/h1>\n<\/hgroup>\n<div class=\"pixcode  pixcode--separator  separator separator--flower separator_color--dark\">&#10043;<\/div>\n\n<p style=\"text-align: center;\">Das liebevoll eingerichtete &#8222;Vereinszimmer&#8220; nebenan ist perfekt f\u00fcr kleinere Feiern mit bis zu 14 Personen. Hier hat man auch den besten \u00dcberblick auf unser Spirituosensortiment \u2013 vom \u00f6rtlichen Apothekerliqueur bis zum bayrischen Whisky.<\/p>\n\n<\/div>\n\n\n<\/div>\n\n<div class=\"pixcode  pixcode--separator  separator separator--line-flower\">\n<div class=\"line  line--left\"><\/div>\n<div class=\"line  line--right\"><\/div>\n<div class=\"star\">&#10043;<\/div>\n<div class=\"arrows\">\n<div class=\"arrow arrow--left\"><\/div>\n<div class=\"arrow arrow--right\"><\/div>\n<\/div>\n<\/div>\n\n<div class=\"pixcode  pixcode--grid  grid  \">\n\n<div class=\"grid__item six-twelfths palm-one-whole island\">\n\n<hgroup class=\"pixcode  pixcode--heading article__headline\">\n\t<h2 class=\"headline__secondary\"><\/h2>\n\t<h1 class=\"headline__primary\">Sch\u00fctzenstube<\/h1>\n<\/hgroup>\n<div class=\"pixcode  pixcode--separator  separator separator--flower separator_color--dark\">&#10043;<\/div>\n\n<p>In der &#8222;Sch\u00fctzenstube&#8220; finden bis zu 50 G\u00e4ste Platz. Ob Vereinssitzungen, Klassentreffen oder Firmenfeiern &#8211; hier kann man sich in gro\u00dfer Runde treffen.<\/p>\n\n<\/div>\n\n<div class=\"grid__item six-twelfths palm-one-whole \">\n\n<p><a href=\"http:\/\/xn--schtzenhaus-kemberg-79b.de\/wp-content\/uploads\/2014\/05\/23.jpg\"><img loading=\"lazy\" class=\"alignnone wp-image-788\" src=\"http:\/\/xn--schtzenhaus-kemberg-79b.de\/wp-content\/uploads\/2014\/05\/23-300x185.jpg\" alt=\"\" width=\"700\" height=\"432\" srcset=\"https:\/\/xn--schtzenhaus-kemberg-79b.de\/wp-content\/uploads\/2014\/05\/23-300x185.jpg 300w, https:\/\/xn--schtzenhaus-kemberg-79b.de\/wp-content\/uploads\/2014\/05\/23-1024x632.jpg 1024w, https:\/\/xn--schtzenhaus-kemberg-79b.de\/wp-content\/uploads\/2014\/05\/23-2048x1265.jpg 2048w, https:\/\/xn--schtzenhaus-kemberg-79b.de\/wp-content\/uploads\/2014\/05\/23-1200x741.jpg 1200w, https:\/\/xn--schtzenhaus-kemberg-79b.de\/wp-content\/uploads\/2014\/05\/23-900x556.jpg 900w, https:\/\/xn--schtzenhaus-kemberg-79b.de\/wp-content\/uploads\/2014\/05\/23-400x247.jpg 400w\" sizes=\"(max-width: 700px) 100vw, 700px\" \/><\/a><\/p>\n\n<\/div>\n\n\n<\/div>\n\n<div class=\"pixcode  pixcode--separator  separator separator--line-flower\">\n<div class=\"line  line--left\"><\/div>\n<div class=\"line  line--right\"><\/div>\n<div class=\"star\">&#10043;<\/div>\n<div class=\"arrows\">\n<div class=\"arrow arrow--left\"><\/div>\n<div class=\"arrow arrow--right\"><\/div>\n<\/div>\n<\/div>\n\n<div class=\"pixcode  pixcode--grid  grid  \">\n\n<div class=\"grid__item six-twelfths palm-one-whole \">\n\n<p><a href=\"http:\/\/xn--schtzenhaus-kemberg-79b.de\/wp-content\/uploads\/2014\/05\/4.jpg\"><img loading=\"lazy\" class=\"alignnone wp-image-793\" src=\"http:\/\/xn--schtzenhaus-kemberg-79b.de\/wp-content\/uploads\/2014\/05\/4-300x215.jpg\" alt=\"\" width=\"700\" height=\"502\" srcset=\"https:\/\/xn--schtzenhaus-kemberg-79b.de\/wp-content\/uploads\/2014\/05\/4-300x215.jpg 300w, https:\/\/xn--schtzenhaus-kemberg-79b.de\/wp-content\/uploads\/2014\/05\/4-1024x734.jpg 1024w, https:\/\/xn--schtzenhaus-kemberg-79b.de\/wp-content\/uploads\/2014\/05\/4-2048x1468.jpg 2048w, https:\/\/xn--schtzenhaus-kemberg-79b.de\/wp-content\/uploads\/2014\/05\/4-1200x860.jpg 1200w, https:\/\/xn--schtzenhaus-kemberg-79b.de\/wp-content\/uploads\/2014\/05\/4-900x645.jpg 900w, https:\/\/xn--schtzenhaus-kemberg-79b.de\/wp-content\/uploads\/2014\/05\/4-400x287.jpg 400w\" sizes=\"(max-width: 700px) 100vw, 700px\" \/><\/a><\/p>\n\n<\/div>\n\n<div class=\"grid__item six-twelfths palm-one-whole island\">\n\n<hgroup class=\"pixcode  pixcode--heading article__headline\">\n\t<h2 class=\"headline__secondary\"><\/h2>\n\t<h1 class=\"headline__primary\">Biergarten<\/h1>\n<\/hgroup>\n<div class=\"pixcode  pixcode--separator  separator separator--flower separator_color--dark\">&#10043;<\/div>\n\n<p style=\"text-align: center;\">Der Biergarten mit seinen besonderen B\u00e4umen l\u00e4sst so manchen Hobbyg\u00e4rtner r\u00e4tseln. Oft werden wir gefragt: &#8222;Was ist denn das f\u00fcr ein Baum?&#8220;\u00a0 Magnolie, Catalpa und Esskastanie spenden bis zu 40 G\u00e4sten ein schattiges Pl\u00e4tzchen an hei\u00dfen Sommertagen. W\u00e4hrend die &#8222;Kleinen&#8220; auf der Wiese toben und unser Spielhaus entdecken, k\u00f6nnen die &#8222;Gro\u00dfen&#8220; bei einem k\u00fchlen &#8222;Blonden&#8220; entspannen.<\/p>\n\n<\/div>\n\n\n<\/div>\n\n<div class=\"pixcode  pixcode--grid  grid  \">\n\n<div class=\"grid__item six-twelfths palm-one-whole \">\n\n<h3 class=\"flush--top\">\u00d6ffungszeiten<\/h3>\n<p>Sonntag und Montag Ruhetage<br \/>\nDienstag ab 17.00 Uhr<br \/>\nMittwoch ab 17.00 Uhr<br \/>\nDonnerstag ab 12.00 Uhr<br \/>\nFreitag ab 12.00 Uhr<br \/>\nSamstag ab 12.00 Uhr<\/p>\n<p>An Feiertagen gesonderte \u00d6ffnungszeiten!<\/p>\n\n<\/div>\n\n<div class=\"grid__item six-twelfths palm-one-whole \">\n\n<h3 class=\"flush--top\">Reservierungen<\/h3>\n<p>Rufen Sie uns bitte an 034921.61 46 56<\/p>\n<p><a href=\"https:\/\/www.facebook.com\/Sch%C3%BCtzenhaus-Kemberg-1412363035713518\/\"><img loading=\"lazy\" class=\"alignnone wp-image-602 size-medium\" src=\"http:\/\/xn--schtzenhaus-kemberg-79b.de\/wp-content\/uploads\/2015\/10\/german_fb_findusonfacebook-144.png\" alt=\"Finde uns auf Facebook\" width=\"144\" height=\"49\" \/><\/a><\/p>\n\n<\/div>\n\n\n<\/div>\n\n","protected":false},"excerpt":{"rendered":"","protected":false},"author":1,"featured_media":602,"parent":0,"menu_order":0,"comment_status":"closed","ping_status":"closed","template":"","meta":[],"_links":{"self":[{"href":"https:\/\/xn--schtzenhaus-kemberg-79b.de\/index.php?rest_route=\/wp\/v2\/pages\/37"}],"collection":[{"href":"https:\/\/xn--schtzenhaus-kemberg-79b.de\/index.php?rest_route=\/wp\/v2\/pages"}],"about":[{"href":"https:\/\/xn--schtzenhaus-kemberg-79b.de\/index.php?rest_route=\/wp\/v2\/types\/page"}],"author":[{"embeddable":true,"href":"https:\/\/xn--schtzenhaus-kemberg-79b.de\/index.php?rest_route=\/wp\/v2\/users\/1"}],"replies":[{"embeddable":true,"href":"https:\/\/xn--schtzenhaus-kemberg-79b.de\/index.php?rest_route=%2Fwp%2Fv2%2Fcomments&post=37"}],"version-history":[{"count":39,"href":"https:\/\/xn--schtzenhaus-kemberg-79b.de\/index.php?rest_route=\/wp\/v2\/pages\/37\/revisions"}],"predecessor-version":[{"id":1478,"href":"https:\/\/xn--schtzenhaus-kemberg-79b.de\/index.php?rest_route=\/wp\/v2\/pages\/37\/revisions\/1478"}],"wp:featuredmedia":[{"embeddable":true,"href":"https:\/\/xn--schtzenhaus-kemberg-79b.de\/index.php?rest_route=\/wp\/v2\/media\/602"}],"wp:attachment":[{"href":"https:\/\/xn--schtzenhaus-kemberg-79b.de\/index.php?rest_route=%2Fwp%2Fv2%2Fmedia&parent=37"}],"curies":[{"name":"wp","href":"https:\/\/api.w.org\/{rel}","templated":true}]}}